{"id":1179,"date":"2025-07-07T12:09:47","date_gmt":"2025-07-07T11:09:47","guid":{"rendered":"https:\/\/harkup.co.uk\/?page_id=1179"},"modified":"2025-07-07T12:12:46","modified_gmt":"2025-07-07T11:12:46","slug":"v-is-for-venom-bibliography","status":"publish","type":"page","link":"https:\/\/harkup.co.uk\/?page_id=1179","title":{"rendered":"V is for Venom: The Full Bibliography"},"content":{"rendered":"\n<ol class=\"wp-block-list\">\n<li>Aldridge, M. 2016. <em>Agatha Christie on Screen<\/em>. Palgrave Macmillan, London.<\/li>\n\n\n<li>Alloatti, G., Penna, C., Levi, R. C., Gallo, M. P., Appendino, G., Fenoglio, I. 1996. Effects of Yew Alkaloids and Related Compounds on Guinea-Pig Isolated Perfused Heart and Papillary Muscle. <em>Life Sciences<\/em>, 58(10): 845-854.<\/li>\n\n\n<li>Ambade, V. N., Borkar, J. L., Meshram, S. K. 2012. Homicide by Direct Snake Bite: A Case of Contract Killing. <em>Med. Sci. Law<\/em>, 52: 40-43.<\/li>\n\n\n<li>Backshall, S. 2007. <em>Steve Backshall\u2019s Venom<\/em>. New Holland Publishers (UK) Ltd., London.<\/li>\n\n\n<li>Ball, C., Westhorpe, R. 2004. Local Anaesthetics &#8211; Procaine (Novocaine, Ethocaine). <em>Anaesthesia and Intensive Care<\/em>, 32(3): 303.<\/li>\n\n\n<li>Ban, T. A. 2006. The Role of Serendipity in Drug Discovery. <em>Dialogues in Clinical Neuroscience<\/em>, 8(3): 335-344.<\/li>\n\n\n<li>Bardell, E. B. 1984. Dame Agatha\u2019s Dispensary. <em>Pharmacy in History<\/em>\u00a026: 13\u201319.<\/li>\n\n\n<li>Barnard, R. 1990. <em>A Talent to Deceive: An Appreciation of Agatha Christie<\/em>. William Collins Sons &amp; Co Ltd., London.<\/li>\n\n\n<li>Berber, S. M. (Ed.). 1983. <em>Chemistry and Crime: From Sherlock Holmes to Today\u2019s Courtroom<\/em>. American Chemical Society, Washington, D. C..<\/li>\n\n\n<li>Blum, D. 2011. <em>The Poisoner\u2019s Handbook: Murder and the new Birth of Forensic Medicine in Jazz Age New York<\/em>. Penguin Books.<\/li>\n\n\n<li>Braun, H., Shields, P. (Trans.) 1914. <em>Local Anesthesia: its Scientific Basis and Practical Use<\/em>. Lea &amp; Febiger, New York.<\/li>\n\n\n<li>Brooks-Lim, E. W. L., M\u00e9rette, S. A., Hawkins, B. J., Maxwell, C., Washbrook, A., Shapiro, A. M. 2022. Fatal Ingestion of Taxus Baccata: English Yew. <em>J. Forensic Sci.<\/em>, 67: 820-826.<\/li>\n\n\n<li>Buckett, W. R., Haining, C. G. 1964. Some Pharmacological Studies on the Optically Active Isomers of Hyoscine and Hyoscyamine. <em>British Journal of Pharmacology<\/em>\u00a024: 138\u2013146.<\/li>\n\n\n<li>Calcaterra, N. E., Barrow, J. C. 2014. Classics in Chemical Neuroscience: Diazepam (Valium). <em>ACS Chem. Neurosci<\/em>., 5: 253-260.<\/li>\n\n\n<li>Castro, H. C., Zingali, R. B., Albuquerque, M. J., Pujol-Luz, M., Rodrigues, C. R. 2004. Snake Venom Thrombin-Like Enzymes: From Reptilase to Now. <em>Cell. Mol. Life Sci<\/em>., 61: 843-856.<\/li>\n\n\n<li>Chen, L., Huang, G.-Z. 2013. Poisoning by Toxic Animals in China &#8211; 18 Autopsy Cases and a Comprehensive Literatre Review. <em>Forensic Science International<\/em>, 232: e12-e23.<\/li>\n\n\n<li>Chou, T. Q. 1931. The Alkaloids of Gelsemium I. Gelsemine and Gelsemicine. <em>Chinese Journal of Physiology<\/em>, V(2): 131-140.<\/li>\n\n\n<li>Chow, T. Y. A., Ng, C. H. V., Tse, M. L. 2019. Clinical Manifestations and Causes of Gelsemium Poisoning in Hong Kong from 2005 to 2017: Review of 33 Cases. <em>Hong Kong Journal of Emergency Medicine<\/em>, 26(6): 351-356.<\/li>\n\n\n<li>Christie, A. 1930. <em>Black Coffee<\/em>. Samuel French, London.<\/li>\n\n\n<li>Christie, A. 1976. <em>An Autobiography<\/em>. William Collins Sons &amp; Co. Ltd., London.\u00a01990.<\/li>\n\n\n<li>Christie Mallowan., A. 1946. <em>Come, Tell Me How You Live<\/em>. The Bodley Head Ltd, London. 1985.<\/li>\n\n\n<li>Christie, A., Vosper, F. 1936. <em>Love From a Stranger<\/em>. Samuel French, London.<\/li>\n\n\n<li>Clarke, R. V., Mayhew, P. 1988. The British Gas Suicide Story and Its Criminological Implications. <em>Crime and Justice<\/em>, 10: 79-116.<\/li>\n\n\n<li>Cleland, T. E. 1949.<em>\u00a0Inquest into the Death of a Body Located at Somerton on 1.12.1948<\/em>. State Coroner\u2019s Office, Adelaide.<\/li>\n\n\n<li>Clemesha, J. C. 1896. Eucaine, A Note on the New Local Anesthetic. <em>Buffalo Medical Journal<\/em>, 182-184.<\/li>\n\n\n<li>Cook, C. 2013. <em>The Agatha Christie Miscellany<\/em>. The History Press, Gloucestershire.<\/li>\n\n\n<li>Cummings, A. J., Olsen, M. 2011. Mechanism of Action of Stinging Nettles. <em>Wilderness &amp; Environmental Medicine<\/em>, 22: 136-139.<\/li>\n\n\n<li>Curran, J. 2010. <em>Agatha Christie\u2019s Secret Notebooks<\/em>. Harper Collins Publishers, London.<\/li>\n\n\n<li>Curran, J. 2011. <em>Agatha Christie\u2019s Murder in the Making<\/em>. Harper Collins Publishers, London.<\/li>\n\n\n<li>Di Carlo, F. J., Culp Holmes, L. 1972. Homicide and Nitroglycerin: A Case of Drug Interaction? <em>Journal of Chemical Education<\/em>, 49(11): 726-727.<\/li>\n\n\n<li>Domino, E. F., Hudson, R. D. 1959. Observations on the Pharmacological Actions of the Isomers of Atropine. <em>The Journal of Pharmacology and Experimental Therapeutics<\/em>\u00a0127(4): 305\u2013312.<\/li>\n\n\n<li>Doyle, A. C. 1912. <em>The Lost World<\/em>. Project Gutenberg.<\/li>\n\n\n<li>Doyle, A. C. <em>The Complete Sherlock Holmes<\/em>. Penguin Books, London. 2009.<\/li>\n\n\n<li>Doyle, A. C. 2009. Arthur Conan Doyle Takes it to the Limit (1879). <em>BMJ<\/em>, 339: b2861.<\/li>\n\n\n<li>Du, E. Y., Nellore, A., Pfeifer, C., Norfleet, G., Scalzo, A., Riley, S. B. 2021. Dying to be With Yew. <em>Toxicology Communications<\/em>, 5(1): 109-111.<\/li>\n\n\n<li>Duffus, J. H. &amp; Worth, H. G. J. 1996. <em>Fundamental Toxicology for Chemists<\/em>. The Royal Society of Chemistry, Cambridge.<\/li>\n\n\n<li>Eckert, W. 1992. The Development of Forensic Medicine in the United Kingdom from the 18<sup>th<\/sup>\u00a0Century. <em>The American Journal of Forensic Medicine and Pathology<\/em>\u00a013(2): 124\u2013131.<\/li>\n\n\n<li>Edland, J. F. 1982. Homicide by Barbiturates and Alcohol. <em>Journal of Forensic Sciences<\/em>, 27(4): 942-943.<\/li>\n\n\n<li>Elworthy, R. R. 1916. An Outbreak of Anthrax Conveyed by Infected Shaving Brushes. <em>The Lancet<\/em>, Jan 1: 20-23.<\/li>\n\n\n<li>Erzin\u00e7lio\u011flu, Z. 2000. <em>Maggots, Murder and Men<\/em>. Harley Books, Colchester.<\/li>\n\n\n<li>Emsley, J. 2006. <em>Vanity, Vitality and Virility<\/em>. Oxford University Press, Oxford.<\/li>\n\n\n<li>Emsley, J. 2008. <em>Molecules of Murder: Criminal Molecules and Classic Cases<\/em>. Royal Society of Chemistry, Cambridge.<\/li>\n\n\n<li>Emsley, J. 2017. <em>More Molecules of Murder<\/em>. Royal Society of Chemistry, Cambridge.<\/li>\n\n\n<li>Evans, C. 1996. <em>The Casebook of Forensic Detection: How Science Solved 100 of the World\u2019s Most Baffling Crimes<\/em>. John Wiley &amp; Sons, Inc., New York.<\/li>\n\n\n<li>Evans, C. 2004. <em>Murder 2: The Second Casebook of Forensic Detection<\/em>. John Wiley &amp; Sons, Inc., New York.<\/li>\n\n\n<li>Evans, M. A., Bernthal, J. C. (Ed.). 2023. <em>The Bloomsbury Handbook to Agatha Christie<\/em>. Bloomsbury Academic, London.<\/li>\n\n\n<li>Farrell, M. 1994. <em>Poisons and Poisoners: An Encyclopedia of Homicidal Poisonings<\/em>. Bantam Books, London.<\/li>\n\n\n<li>Ferguson, M. J., Germanos, S., Grace, W. J. 1960. Meprobamate Overdosage: A Report on the Management of Five Cases. <em>Arch. Intern. Med.<\/em>, 106: 237-239.<\/li>\n\n\n<li>Fitzsimons, F. W. 1912. <em>The Snakes of South Africa: Their Venom and the Treatment of Snake Bite<\/em>. Longmans, Green and Co, London.<\/li>\n\n\n<li>Foitzik, S., Fritsche, O. 2019. <em>Empire of Ants: The Hidden Worlds and Extraordinary Lives of Earth\u2019s Tiny Conquerors<\/em>. Octopus Publishing Group Ltd. 2021.<\/li>\n\n\n<li>Fowler, C. C., Chang, S.-J., Gao, X., Geiger, T., Stack, G., Gal\u00e1n, J. E. 2018. Emerging Insights Into the Biology of Typhoid Toxin. <em>Curr. Opin. Microbiol.<\/em>, 35:70-77.<\/li>\n\n\n<li>Frankland, A., Robinson, M. J. 2001. Fatal Chloral Hydrate Overdoses: Unecessary Tragedies.<em>\u00a0The Canadian Journal of Psychiatry<\/em>, 46(8): 763-764.<\/li>\n\n\n<li>Fraser, T. R. 1870. On the Komb\u00e9\u00a0Arrow-Poison (Strophanthus Hispidus, D. C.) of Africa. <em>Journal of Anatomy and Physiology<\/em>, Vol VII: 139-155.<\/li>\n\n\n<li>Fraser, T. R. 1885. The Action and Uses of Digitalis and its Substitutes, With Special Reference to Strophanthus (Hispidus). <em>The British Medical Journal<\/em>, 14 November 904-910.<\/li>\n\n\n<li>Fraser, T. R. 1887. Note on Tincture of Strophanthus. <em>The British Medical Journal<\/em>, 22 January 151-152.<\/li>\n\n\n<li>Fraser, T. R. 1889. Strophanthus Hispidus: its Natural History, Chemistry and Pharmacology. <em>Proceedings of the Royal Society of Edinburgh<\/em>, 4 February 73-78.<\/li>\n\n\n<li>Fraser, T. R. 1889. Strophanthus Hispidus &#8211; Continued: Pharmacological Action. <em>Proceedings of the Royal Society of Edinburgh<\/em>, 3 June 743-748.<\/li>\n\n\n<li>F\u00fcrstenwerth, H. 2018. <em>Ouabain: A Gift from Paradise<\/em>. Books on Demand, Norderstedt.<\/li>\n\n\n<li>Gerald, M. C. 1993. <em>The Poisonous Pen of Agatha Christie<\/em>. University of Texas Press, Austin.<\/li>\n\n\n<li>Gill, G. 1990. <em>Agatha Christie: The Woman and Her Mysteries<\/em>. Robson Books Limited, London.<\/li>\n\n\n<li>Goddard, J. 2018. <em>Agatha Christie\u2019s Golden Age: An Analysis of Poirot\u2019s Golden Age Puzzles<\/em>. Stylish Eye Press, London.<\/li>\n\n\n<li>Goddard, J. 2021 <em>Agatha Christie\u2019s Golden Age Volume II: Miss Marple and the Other Golden Age Puzzles<\/em>. Stylish Eye Press, London.<\/li>\n\n\n<li>Grasset, E., Schaafsma, A. W. 1940. Studies of the Venom of the \u2018Boomslang\u2019 (<em>Dispholidus typus<\/em>). <em>S. A. Medical Journal<\/em>, June 22: 236-241.<\/li>\n\n\n<li>Grasset, E., Schaafsma, A. W. 1940. Antigenic Characteristics of \u2018Boomslang\u2019 (<em>Dispholidus typus<\/em>) Venom and Preparation of a Specific Antivenene by Means of Formalised Venom. <em>S. A. Medical Journal<\/em>, December 28: 484-489.<\/li>\n\n\n<li>Green, J. 2015. <em>Agatha Christie: A Life in Theatre<\/em>. HarperCollins Publishers, London. 2018.<\/li>\n\n\n<li>Gwilt, P. R. &amp; Gwilt, J. R. 1978. Dame Agatha\u2019s Poisonous Pharmacopoeia. <em>Pharmaceutical Journal<\/em>\u00a028(30): 572\u2013573.<\/li>\n\n\n<li>Hageneder, F. 2007. <em>Yew: A History<\/em>. The History Press, Gloucestershire. 2011.<\/li>\n\n\n<li>Henry, J. A. 1999. <em>The British Medical Association New Guide to Medicines &amp; Drugs<\/em>. Covent Garden Books, London.<\/li>\n\n\n<li>Haining, P. (Ed.). 1992. <em>The Television Detectives\u2019 Omnibus<\/em>, \u2018The Death Cry\u2019 by Reeve, A.B. Orion Books Ltd., London.<\/li>\n\n\n<li>Holgate, M. 2010. <em>Agatha Christie\u2019s True Crime Inspirations<\/em>. The History Press, Stroud.<\/li>\n\n\n<li>Honeycombe, G. 1982. <em>The Murders of the Black Museum 1870-1970<\/em>. BCA, London. 1992.<\/li>\n\n\n<li>Hume, F. W. 1887. <em>The Mystery of a Hansom Cab<\/em>. The Hansom Cab Publishing Company, London.<\/li>\n\n\n<li>Inciardi, J. A. 1977. The Changing Life of Mickey Finn: Some Notes on Chloral Hydrate Down Through the Ages.<em>\u00a0Journal of Popular Culture<\/em>, 11(3): 591-596.<\/li>\n\n\n<li>Jefferys, D. B., Wiseman, H. M. 1980. Formic Acid Poisoning. <em>Postgraduate Medical Journal<\/em>, 56: 761-762.<\/li>\n\n\n<li>Jenner, R., Undheim, E. 2017. <em>Venom: The Secrets of Nature\u2019s Deadliest Weapon<\/em>. Natural history Museum, London.<\/li>\n\n\n<li>Jiao, Z., De Jes\u00fas, V. R., Iravanian, S., Campbell, D. P., Xu, J., Vitali, J. A., Banach, K., Fahrenbach, J., Dudley Jr., S. C. 2006. A Possible Mechanism of Halocarbon-Induced Cardiac Sensitization Arrhythmias. <em>J. Mol. Cell Cardiol.<\/em>, 41(4): 698-705.<\/li>\n\n\n<li>Keating, H. R. F. 1977. <em>Agatha Christie: First Lady of Crime<\/em>. The Orion Publishing Group Ltd., London. 2020.<\/li>\n\n\n<li>Kini, R., Koh, C. Y. 2016. Metalloproteases Affecting Blood Coagulation, Fibrinolysis and Platelet Aggregation from Snake Venoms: Definition and Nomencalture of Interaction Sites. <em>Toxins<\/em>, 8: 284-301.<\/li>\n\n\n<li>Klaassen, C. D. (ed). 2013. <em>Casarett &amp; Doull\u2019s Toxicology: The Basic Science of Poisons<\/em>. McGraw-Hill Education, New York, Chicago, San Francisco.<\/li>\n\n\n<li>De Kruif, P. 1927. <em>Microbe Hunters<\/em>. Jonathan Cape, London. 1930.<\/li>\n\n\n<li>Lara, C. O., Murath, P., Mu\u00f1oz, B., Marileo, A. M., San Mart\u00edn, L., San Mart\u00edn, V. P., Burgos, C. F., Mariqueo, T. A., Aguayo, L. G., Fuentealba, J., Godoy, P., Guxman, L., Y\u00e9venes, G. E. 2016. Functional Modulation of Glycine Receptors by the Alkaloid Gelsemine. <em>British Journal of Pharmacology<\/em>, 173: 2263-2277.<\/li>\n\n\n<li>Lax, A. 2005. <em>Toxin: The Cunning of Bacterial Poisons<\/em>. Oxford University Press, Oxford.<\/li>\n\n\n<li>Liesivuori, J., Savoleinen, H. 1991. Methanol and Formic Acid Toxicity: Biochemical Mechanisms. <em>Pharmacology &amp; Toxicology<\/em>, 69: 157-163.\u00a0<em>The Journal of Pharmacology and Experimental Therapeutics<\/em>, 264(3): 1097-1103.<\/li>\n\n\n<li>Lockwood, J. A. 2009. <em>Six-Legged Soldiers: Using Insects as Weapons of War<\/em>. Oxford University Press, Oxford.<\/li>\n\n\n<li>Loewi, O. The Chemical Transmission of Nerve Signals. Nobel Prize speech <a href=\"http:\/\/www.nobelprize.org\/nobel_prizes\/medicine\/laureates\/1936\/loewi-lecture.html\"><u>http:\/\/www.nobelprize.org\/nobel_prizes\/medicine\/laureates\/1936\/loewi-lecture.html<\/u><\/a><\/li>\n\n\n<li>Lovinger, D. M., Zimmerman, S. A., Levitin, M., Jones, M. V., Harrison, N. L. 1993. Trichloroethanol Potentiates Synaptic Transmission Mediated by \u01b3-Aminobutyric Acid<sub>A<\/sub>\u00a0Receptors in Hippocampal Neurons.<\/li>\n\n\n<li>Luff, A. P. &amp; Candy, H. C. H. 1919. <em>A Manual of Chemistry<\/em>. Cassell and Company Ltd., London, New York, Toronto and Melbourne.<\/li>\n\n\n<li>Macdonald, G. W. 1912. <em>Historical Papers on Modern Explosives<\/em>. Whittaker &amp; Co., London.<\/li>\n\n\n<li>MacEwan, P. 1912. <em>The Art of Dispensing: A Treatise on the Methods and Processes Involved in Compounding Medical Prescriptions<\/em>. Spottiswoode and Co. Ltd., London, Colchester and Eton.<\/li>\n\n\n<li>Mayor, A. 2022. <em>Greek Fire, Poison Arrows, and Scorpion Bombs: Unconventional Warfare in the Ancient World<\/em>. Princeton University Press, Princeton.<\/li>\n\n\n<li>McKenzie, A. G. 2002. The Rise and Fall of Strophanthin.<em>\u00a0International Congress Series<\/em>, 1242: 95-100.<\/li>\n\n\n<li>Modi, N. J. 1961. <em>Modi\u2019s Textbook of Medical Jurisprudence and Toxicology<\/em>. N. M. Tripathi Private Limited, Bombay.<\/li>\n\n\n<li>Morgan, J. 1984. <em>Agatha Christie: A Biography<\/em>. HaperCollins Publishers, London. 2017.<\/li>\n\n\n<li>Odell, R. 2010. <em>The Mammoth Book of Bizarre Crimes: Incredible Real-Life Murders<\/em>. Little, Brown Book Group, London.<\/li>\n\n\n<li>Oliveira, A. L., Viegas, M. F., da Silva, S. L., Soares, A. M., Ramos, M. J., Fernandes, P. A. 2022. The Chemistry of Snake Venom and its Medicinal Potential. <em>Nature Reviews: Chemistry<\/em>, 6: 451-469.<\/li>\n\n\n<li>Oliveira, M., Mason-Buck, G., Ballard, D., Branicki, W. 2020. Biowarfare, Bioterrorism and Biocrimes: A Historical Overview on Microbial Harmful Applications. <em>Forensic Science International<\/em>, 314: 110366.<\/li>\n\n\n<li>Orwell, G. 1946. Decline of the English Murder. <em>Tribune<\/em>\u00a015<sup>th<\/sup>\u00a0February.<\/li>\n\n\n<li>Osborne, C. 1982. T<em>he Life and Crimes of Agatha Christie<\/em>. William Collins Sons and Co. Ltd., London.<\/li>\n\n\n<li>Osseo-Asare, A. D. 2008. Bioprospecting and Resistance: Transforming Poisoned Arrows into Strophanthin Pills in Colonial Gold Coast, 1885-1922. <em>Social History of Medicine<\/em>, 21: 269-290.<\/li>\n\n\n<li>Paul, P. 1990. <em>Murder Under the Microscope<\/em>. Futura Publications, London.<\/li>\n\n\n<li>Pembrey, M. S. &amp; Phillips, C. D. F. 1901. <em>The Physiological Action of Drugs: An Introduction to Practical Pharmacology<\/em>. Edward Arnold, London.<\/li>\n\n\n<li>Piano, M. R. 2014. Alcohol\u2019s Effects on the Cardiovascular System. <em>Alcohol Research<\/em>, 38(2): 219-241.<\/li>\n\n\n<li>Pieters, T., Snelders, S. 2007. From King Kong Pills to Mother\u2019s Little Helpers &#8211; Career Cycles of Two Families of Psychotropic Drugs: The Barbiturates and Benzodiazepines. <em>CBMH\/BCHM<\/em>, 24(1): 93-112.<\/li>\n\n\n<li>Pietzke, M., Meiser, J., Vazquez, A. 2019. Formate Metabolism in Health and Disease. <em>Molecular Metabolism<\/em>, 33: 23-37.<\/li>\n\n\n<li>Pla, D., Sanz, L., Whiteley, G., Waggstaff, S. C., Harrison, R. A., Casewell, N. R., Calvete, J. J. 2017. What Killed Karl Patterson Schmidt? Combined Venom Gland Transcriptomic, Venomic and Antivenomic Analysisof the South African Green Tree Snake (the Boomslang), Dispholidus Typus. <em>Biochimica et Biophysica Acta<\/em>, \u00a01861: 814-823.<\/li>\n\n\n<li>Pond, G. G. 1902. The Discovery of Nitroglycerin in an Exhumed Body. <em>Journal of the American Chemical Society<\/em>, 24(1): 18-20.<\/li>\n\n\n<li>Pope, C. 2013. Cardiogenic Shock Secondary to Taxus Buccata Poisoning. <em>Anaesthesia Cases<\/em>, 116: 75-77.<\/li>\n\n\n<li>Porter, R. 2002. <em>Madness: A Brief History<\/em>. Oxford University Press, Oxford.<\/li>\n\n\n<li>Rajan, N., Rahim, R., Krishna Kumar, S. 1985. Formic Acid Poisoning with Suicidal Intent: A Report of 53 Cases. <em>Postgraduate Medical Journal<\/em>, 61: 35-36.<\/li>\n\n\n<li>Reynolds, E. 1889. \u2018The Manchester Murder\u2019. Homicidal Chloral Poisoning With its Medico-Legal Relations. <em>BMJ<\/em>, 2(1492): 235-237.<\/li>\n\n\n<li>Rho, J.M., Donevan, S. D., Rogawski, M. A. 1997. Barbiturate-Like Actions of the Propanediol Dicarbamates Felbamate and Meprobamate. <em>The Journal of Pharmacological and Experimental Therapeutics<\/em>, 280(3): 1383-1391.<\/li>\n\n\n<li>Riley, D. and McAllister, P. 2001. <em>The Bedside, Bathtub and Armchair Companion to Agatha Christie<\/em>. The Continuum International Publishing Group Ltd., New York.<\/li>\n\n\n<li>Rowland, S. 2001. <em>From Agatha Christie to Ruth Rendell<\/em>. Palgrave Macmillan, London.<\/li>\n\n\n<li>See, A. B. 2015. Shop Owner\u2019s Son Cleared in Milk Tea Deaths. Philippine Daily Inquirer, December 3<sup>rd<\/sup>. <a href=\"https:\/\/newsinfo.inquirer.net\/744346\/shop-owners-son-cleared-in-milk-tea-deaths\"><u>https:\/\/newsinfo.inquirer.net\/744346\/shop-owners-son-cleared-in-milk-tea-deaths<\/u><\/a>\u00a0<\/li>\n\n\n<li>Shakeer, S. K., Kalapati, B., Al Abri, S. A., Al Busaidi, M. Chloral Hydrate Overdose Survived after Cardiac \u00a0Arrest Excellent Response to Intravenous \u03b2-Blocker. <em>Oman Medical Journal<\/em>, 34(3): 244-248.<\/li>\n\n\n<li>Sly, N. 2009. <em>Murder by Poison: A Casebook of Historic British Murders<\/em>. The History Press, Gloucestershire.<\/li>\n\n\n<li>Smyth, F. 1982. <em>Cause of Death: A History of Forensic Science<\/em>. Pan Books Ltd., London.<\/li>\n\n\n<li>Spawls, S., Branch. B. 2020. <em>The Dangerous Snakes of Africa<\/em>. Bloomsbury Publishing Plc., London.<\/li>\n\n\n<li>Stevens, S. &amp; Bannon, A. 2007. <em>Book of Poisons: A Guide for Writers<\/em>. Writer\u2019s Digest Books, Cincinnati.<\/li>\n\n\n<li>Stork, J. 2009. <em>Breaking the Spell: My Life as a Rajneeshee, and the Long Journey Back to Freedom<\/em>. Amazon.<\/li>\n\n\n<li>Streatfield, D. 2006. <em>Brainwash: The Secret History of Mind Control<\/em>. Hodder &amp; Staunton, London.<\/li>\n\n\n<li>Stone, T. and Darlington, G. 2000. <em>Pills, Potions and Poisons<\/em>. Oxford University Press, Oxford.<\/li>\n\n\n<li>Symons, J. 1972. <em>Bloody Murder: From the Detective Story to the Crime Novel<\/em>. Penguin Books, London. 1985.<\/li>\n\n\n<li>Tak, U., Vlach, J., Garza-Garcia, A., William, D., Danilchanka, O., S\u00f3rio de Carvalho, L. P., Saad, J. S., Niederwies, M. 2019. The Tuberculosis Necrotizing Toxin is an NAD<sup>+<\/sup>\u00a0and NADP<sup>+<\/sup>\u00a0Glycohydrolase With Distinct Enzymatic Properties.<em>\u00a0J. Biol. Chem.<\/em>, 294(9):3024-3036.<\/li>\n\n\n<li>Thorwald, J. 1969. <em>Proof of Poison<\/em>. Pan Books Ltd., London.<\/li>\n\n\n<li>Tone, A. 2009. <em>The Age of Anxiety, A History of America\u2019s Turbulent Affair with Tranquilizers<\/em>. Perseus Books, New York.<\/li>\n\n\n<li>Touchard, A., Aili, S. R., Fox, E. G. P., Escoubas, P., Orivel, J., Nicholson, J. M., Dejean, A. 2016. The Biochemical Toxin Arsenal from Ant Venoms. <em>Toxins<\/em>, 8:30.<\/li>\n\n\n<li>Trestrail, J. H. 2000. <em>Criminal Poisons; Investigational Guide for Law Inforcement, Toxicologists, Forensic Scientists, and Attorneys<\/em>. Humana Press Inc., New Jersey.<\/li>\n\n\n<li>Turnbull, P. C. B. 1991. Anthrax Vaccines: Past, Present and Future. <em>Vaccine<\/em>, Vol 9: 533-539.<\/li>\n\n\n<li>Van Ingen, G., Visser, R., Peltenburg, H., Van Der Ark, A. M., Voortman, M. 1992. Sudden Unexpected Death Due to Taxus Poisoning. A Report of Five Cases, With a Review of the Literature.<em>\u00a0Forensic Science International<\/em>, 56: 81-87.<\/li>\n\n\n<li>Valentine, C. 2021. <em>Murder Isn\u2019t Easy: The Forensics of Agatha Christie<\/em>. Little, Brown Book Group, London.<\/li>\n\n\n<li>Waring, R. H., Steventon, G. B., Mitchell, S. C. (Ed.). 2002. <em>Molecules of Death<\/em>. Imperial College Press, London.<\/li>\n\n\n<li>Watson, C. 1979. <em>Snobbery with Violence<\/em>. Methuen London Ltd. 1978.<\/li>\n\n\n<li>Watson, K. D. 2007. <em>Dr Crippen<\/em>. The National Archives, Surrey.<\/li>\n\n\n<li>White, P. (ed). 2003. <em>Crime Scene to Court: The Essentials of Forensic Science<\/em>. The Royal Society of Chemistry, Cambridge.<\/li>\n\n\n<li>Whittington-Egan, M. 1990. <em>Khaki Mischief: The Agra Murder Case<\/em>. Souvenir Press, Ltd., London.<\/li>\n\n\n<li>William, F. 2023. <em>Nitroglycerin: The Essential Guide Book for Treating Chest Pain and Heart Disease<\/em>. Kindle Edition.<\/li>\n\n\n<li>Williams, D. A., Lemke, T. L. 2002. <em>Foye\u2019s Principles of Medicinal Chemistry<\/em>. Lippincott Williams and Willikins, Baltimor and Philadelphia.<\/li>\n\n\n<li>Wilson, C &amp; Pitman, P. 1984. <em>Encyclopaedia of Murder<\/em>. Pan Books Ltd., London.<\/li>\n\n\n<li>Wilson, C. R., Sauer, J-M., Hooser, S. B. 2001. Taxines: A Review of the Mechanism and Toxicity of Yew (<em>Taxus spp.<\/em>) Alkaloids. <em>Toxicon<\/em>, 39: 175-185.<\/li>\n\n\n<li>Worsley, L. 2013. <em>A Very British Murder: The Curious Story of How Crime Was Turned Into Art<\/em>. The Random House Group, London.<\/li>\n\n\n<li>Worsley, L. 2022. <em>Agatha Christie: A Very Elusive Woman<\/em>. Hachette, London.<\/li>\n\n\n<li><\/li>\n\n\n<li>1852. <em>Old Mersey Times<\/em>, April 9<sup>th<\/sup>. <a href=\"http:\/\/www.old-merseytimes.co.uk\/kirkdalepoisoning.html\"><u>http:\/\/www.old-merseytimes.co.uk\/kirkdalepoisoning.html<\/u><\/a><\/li>\n\n\n<li>1905. No Undertaker Now Required. <em>San Francisco Call<\/em>, 97(66): 1. <a href=\"https:\/\/cdnc.ucr.edu\/?a=d&amp;d=SFC19050204.2.8&amp;e=-------en--20--1--txt-txIN--------\"><u>https:\/\/cdnc.ucr.edu\/?a=d&amp;d=SFC19050204.2.8&amp;e=&#8212;&#8212;-en&#8211;20&#8211;1&#8211;txt-txIN&#8212;&#8212;&#8211;<\/u><\/a><\/li>\n\n\n<li>1998. The Nobel Prize for Physiology or Medicine, Press Release. <a href=\"https:\/\/www.nobelprize.org\/prizes\/medicine\/1998\/press-release\/\"><u>https:\/\/www.nobelprize.org\/prizes\/medicine\/1998\/press-release\/<\/u><\/a><\/li>\n<\/ol>\n","protected":false},"excerpt":{"rendered":"","protected":false},"author":1,"featured_media":0,"parent":0,"menu_order":0,"comment_status":"closed","ping_status":"closed","template":"","meta":{"footnotes":""},"class_list":["post-1179","page","type-page","status-publish","hentry"],"_links":{"self":[{"href":"https:\/\/harkup.co.uk\/index.php?rest_route=\/wp\/v2\/pages\/1179","targetHints":{"allow":["GET"]}}],"collection":[{"href":"https:\/\/harkup.co.uk\/index.php?rest_route=\/wp\/v2\/pages"}],"about":[{"href":"https:\/\/harkup.co.uk\/index.php?rest_route=\/wp\/v2\/types\/page"}],"author":[{"embeddable":true,"href":"https:\/\/harkup.co.uk\/index.php?rest_route=\/wp\/v2\/users\/1"}],"replies":[{"embeddable":true,"href":"https:\/\/harkup.co.uk\/index.php?rest_route=%2Fwp%2Fv2%2Fcomments&post=1179"}],"version-history":[{"count":5,"href":"https:\/\/harkup.co.uk\/index.php?rest_route=\/wp\/v2\/pages\/1179\/revisions"}],"predecessor-version":[{"id":1184,"href":"https:\/\/harkup.co.uk\/index.php?rest_route=\/wp\/v2\/pages\/1179\/revisions\/1184"}],"wp:attachment":[{"href":"https:\/\/harkup.co.uk\/index.php?rest_route=%2Fwp%2Fv2%2Fmedia&parent=1179"}],"curies":[{"name":"wp","href":"https:\/\/api.w.org\/{rel}","templated":true}]}}