{"id":510,"date":"2022-01-15T10:11:53","date_gmt":"2022-01-15T10:11:53","guid":{"rendered":"https:\/\/harkup.co.uk\/?page_id=510"},"modified":"2024-10-28T10:03:40","modified_gmt":"2024-10-28T10:03:40","slug":"a-is-for-arsenic-the-poisons-of-agatha-christie-2","status":"publish","type":"page","link":"https:\/\/harkup.co.uk\/?page_id=510","title":{"rendered":"A is for Arsenic: The Full Bibliography"},"content":{"rendered":"\t\t<div data-elementor-type=\"wp-page\" data-elementor-id=\"510\" class=\"elementor elementor-510\">\n\t\t\t\t<div class=\"aux-parallax-section elementor-element elementor-element-29f8bc8f e-flex e-con-boxed e-con e-parent\" data-id=\"29f8bc8f\" data-element_type=\"container\" data-e-type=\"container\">\n\t\t\t\t\t<div class=\"e-con-inner\">\n\t\t\t\t<div class=\"elementor-element elementor-element-549b106c elementor-widget elementor-widget-text-editor\" data-id=\"549b106c\" data-element_type=\"widget\" data-e-type=\"widget\" data-widget_type=\"text-editor.default\">\n\t\t\t\t<div class=\"elementor-widget-container\">\n\t\t\t\t\t\t\t\t\t\n<h2 class=\"wp-block-heading\">A is for Arsenic: The Full Bibliography<\/h2>\n\n<p>\u00a0<\/p>\n\n<ol class=\"wp-block-list\" type=\"1\">\n<li>Adam, H. L. 1913. <em>Notable English Trials: Trial of George Henry Lamson<\/em>. William Hodge and Company, Edinburgh and London.<\/li>\n<li>Audi, J., Belson, M., Patel, M., Schier, J., Osterloh, J. 2005. Ricin Poisoning: A Comprehensive Review. <em>Journal of the American Medical Association<\/em>\u00a0298(18): 2346\u20132351.<\/li>\n<li>Bardell, E. B. 1984. Dame Agatha\u2019s Dispensary. <em>Pharmacy in History<\/em>\u00a026: 13\u201319.<\/li>\n<li>Bardell, E. B. 1998. Literary Reflections of Pharmacy \u2013 XI: Thallium as \u201cAn Untraceable Poison\u201d. <em>Pharmacy in History<\/em>\u00a030: 188\u2013190.<\/li>\n<li>Barnard, R. 1990. <em>A Talent to Deceive: An Appreciation of Agatha Christie<\/em>. William Collins Sons &amp; Co Ltd., London.<\/li>\n<li>BBC News Online. Curry Poisoning Woman Found Guilty of Murder. 10 February 2010 http:\/\/news.bbc.co.uk\/1\/hi\/england\/london\/8492936.stm<\/li>\n<li>Benowitz, N. 2009. Nicotine Chemistry, Metabolism, Kinetics and Biomarkers. <em>Handbook of Experimental Pharmacology<\/em>\u00a0192: 29\u201360.<\/li>\n<li>Bereanu, V. and Todorov, K. 1994. <em>The Umbrella Murder<\/em>. Pendragon Press, Cambridge.<\/li>\n<li>Blum, D. 2011. <em>The Poisoner\u2019s Handbook: Murder and the new Birth of Forensic Medicine in Jazz Age New York<\/em>. Penguin Books.<\/li>\n<li>Blum, D. 2012. Nicotine and the Chemistry of Murder. Blog posted 25 May http:\/\/www.wired.com\/2012\/05\/nicotine-and-the-chemistry-of-murder\/<\/li>\n<li>Brocklehurst, R. J. 1934. Cyanide Poisoning: Rasputin\u2019s Death. <em>British Medical Journal<\/em>\u00a0July 28: 184.<\/li>\n<li>Brown, K. S. &amp; Robinette, R. R. 1967. No Simple Pattern of Inheritance in Ability to Smell Solutions of Cyanide. <em>Nature<\/em>\u00a0215: 406\u2013408.<\/li>\n<li>Bryan, C. P. (Trans.). 1930. <em>The Papyrus Ebers: Translated from the German Version<\/em>. The Garden City Press Ltd., Herts.<\/li>\n<li>Buckett, W. R., Haining, C. G. 1964. Some Pharmacological Studies on the Optically Active Isomers of Hyoscine and Hyoscyamine. <em>British Journal of Pharmacology<\/em>\u00a024: 138\u2013146.<\/li>\n<li>Cavanagh, J. B. 1991. What Have We Learnt from Graham Frederick Young? Reflections on the Mechanism of Thallium Neurotoxicity. <em>Neuropathology and Applied Neurobiology <\/em>17: 3\u20139.<\/li>\n<li>Chan, T. Y. K. 2009. Aconite Poisoning. <em>Clinical Toxicology<\/em>\u00a047(4): 279\u2013285.<\/li>\n<li>Christie, A. 1990. <em>An Autobiography<\/em>. William Collins Sons &amp; Co. Ltd., London.<\/li>\n<li>Cook, C. 2013. <em>The Agatha Christie Miscellany<\/em>. The History Press, Gloucestershire.<\/li>\n<li>Courtney Lee, T. 1981. Van Gogh\u2019s Vision: Digitalis Intoxication<em>? Journal of the American Medical Association<\/em>\u00a0245(7): 727\u2013729.<\/li>\n<li>Curran, J. 2010. <em>Agatha Christie\u2019s Secret Notebooks<\/em>. Harper Collins Publishers, London.<\/li>\n<li>Curran, J. 2011. <em>Agatha Christie\u2019s Murder in the Making<\/em>. Harper Collins Publishers, London.<\/li>\n<li>Curtis, D. R., Duggan, A. W., Johnston, G. A. R. 1971. The Specificity of Strychnine as a Glycine Antagonist in the Mammalian Spinal Cord. <em>Experimental Brain Research<\/em>\u00a012(5): 547\u2013565.<\/li>\n<li>Cumming, G., Harding, L. K., Prowse, K. 1968. Treatment and Recovery After Massive Overdose of Physostigmine. <em>The Lancet<\/em>\u00a0292(7560): 147\u2013149.<\/li>\n<li>Davies, P., Levy, S., Pahari, A., Martinez, D. 2001. Acute nicotine poisoning associated a traditional remedy for eczema. <em>Archive of Disease in Childhood<\/em>\u00a085: 500\u2013502.<\/li>\n<li>Dent, J. Y. 1949. Apomorphine Treatment of Addiction. <em>The British Journal of Addiction <\/em>46(1): 15\u201328.<\/li>\n<li>Dillon, F. Rasputin\u2019s Death. 1934. <em>British Medical Journal<\/em>\u00a0July 14: 88.<\/li>\n<li>Domino, E. F., Hudson, R. D. 1959. Observations on the Pharmacological Actions of the Isomers of Atropine. <em>The Journal of Pharmacology and Experimental Therapeutics<\/em>\u00a0127(4): 305\u2013312.<\/li>\n<li>Drummer, O. H. 2004. Postmortem Toxicology of Drugs of Abuse. <em>Forensic Science International <\/em>142: 101\u2013113.<\/li>\n<li>Duffus, J. H. &amp; Worth, H. G. J. 1996. <em>Fundamental Toxicology for Chemists<\/em>. The Royal Society of Chemistry, Cambridge.<\/li>\n<li>Eckert, W. 1992. The Development of Forensic Medicine in the United Kingdom from the 18<sup>th<\/sup>\u00a0Century. <em>The American Journal of Forensic Medicine and Pathology<\/em>\u00a013(2): 124\u2013131.<\/li>\n<li>Emsley, J. 2001. <em>The Shocking History of Phosphorus<\/em>. Pan Books, London.<\/li>\n<li>Emsley, J. 2005. <em>The Elements of Murder<\/em>. Oxford University Press, Oxford.<\/li>\n<li>Emsley, J. 2006. <em>Vanity, Vitality and Virility<\/em>. Oxford University Press, Oxford.<\/li>\n<li>Emsley, J. 2008. <em>Molecules of Murder: Criminal Molecules and Classic Cases<\/em>. Royal Society of Chemistry, Cambridge.<\/li>\n<li>Fagerstrom, K. O., Heatherton, T. F., Kozlowski, L. T. Nicotine Addiction and Its Assessment. <em>Ear, Nose and Throat Journal<\/em>\u00a069(11): 7630765.<\/li>\n<li>Farrell, M. 1994. <em>Poisons and Poisoners: An Encyclopedia of Homicidal Poisonings<\/em>. Bantam Books, London.<\/li>\n<li>Faulkner, J. M. 1933. Nicotine poisoning by absorption through the skin. <em>American Medical Association Journal <\/em>100(21): 1664\u20131665.<\/li>\n<li>Flanders, J. 2011. <em>The Invention of Murder<\/em>. Harper Press, London.<\/li>\n<li>Frank, B. S., Michelson, W. B., Panter, K. E., Gardener, D. R. 1995. Ingestion of Poison Hemlock. <em>Western Journal of Medicine<\/em>\u00a0163: 573\u2013574.<\/li>\n<li>Fujita, Y., Terui, K,. Fujita, M., Kakizaki, A., Sato, N., Oikawa, K., Aoki, H., Takahashi, K. and Endo, S. 2007. Five Cases of Aconite Poisoning: Toxicokinetics of Aconitine. <em>Journal of Analytical Toxicology<\/em>\u00a031: 132\u2013137.<\/li>\n<li>Galv\u00e1n-Arzate, S. &amp; Santamar\u00eda, A. 1998. Thallium Toxicity. <em>Toxicology Letters<\/em>\u00a099: 1\u201313.<\/li>\n<li>Gerald, M. C. 1993. <em>The Poisonous Pen of Agatha Christie<\/em>. University of Texas Press, Austin.<\/li>\n<li>Gerardo, I., Ilsen, R., Ernesto, I., Egar, S., Magaly, T., Mercelo, G. 2005. Valoraci\u00f3n de la glucosa como ant\u00eddoto en la intoxicaci\u00f3n por cianuro. \u00a0<em>Revista de Toxicolog\u00eda en L\u00ednea<\/em>\u00a07.<\/li>\n<li>Giles, E., Hansen, A. T., McCullough, J. M., Metzger, D. G., Wolpoff, M. H. 1968. Hydrogen Cyanide and Phenylthiocarbamide Sensitivity, Mid-Phalangeal Hair and Colour Blindness in Yucat\u00e1n, Mexico. <em>American Journal of Physical Anthropology<\/em>\u00a028(2): 203\u2013212.<\/li>\n<li>Glaister, J. 1954. <em>The Power of Poison<\/em>. Christopher Johnson, London.<\/li>\n<li>Gwilt, P. R. &amp; Gwilt, J. R. 1978. Dame Agatha\u2019s Poisonous Pharmacopoeia. <em>Pharmaceutical Journal<\/em>\u00a028(30): 572\u2013573<\/li>\n<li>Harrison, D. F. N. 1964. Snuff \u2013 Its Use and Abuse. <em>British Medical Journal<\/em>\u00a02: 1649\u20131651.<\/li>\n<li>Hodge, J. H. (ed). 1955. <em>Famous Trials 5<\/em>. Penguin Books, London.<\/li>\n<li>Holden, A. 1995. <em>The St Albans Poisoner<\/em>. Corgi Books, London.<\/li>\n<li>Holgate, M. 2010. <em>Agatha Christie\u2019s True Crime Inspirations<\/em>. The History Press, Stroud.<\/li>\n<li>Hollman, A. 1992. Aconitine and Arrhythmias. <em>Br Heart J<\/em>\u00a067: 315.<\/li>\n<li>Jacobs, W. A., Hoffman, A. 1927. The Relationship between the Structure and the Biological Action of the Cardiac Glycosides. <em>The Journal of Biological Chemistry<\/em>\u00a074: 787\u2013793.<\/li>\n<li>Jones, E. H. and Ledingham, K. W. D. 1982. Arsenic in Napoleon\u2019s Wallpaper. <em>Nature<\/em>\u00a0299: 626\u2013627.<\/li>\n<li>Keating, H. R. F. (ed). 1977. <em>Agatha Christie: First Lady of Crime<\/em>. Weidenfeld &amp; Nicolson, London.<\/li>\n<li>Ketchum, J. E., Sidell, F. R., Crowell, Jr., E. B., Aghajanian, G. K., Hayes, Jr., A. H. 1973. Atropine, Scopolamine and Ditran: Comparative Pharmacology and Antagonists in Man. \u00a0<em>Edgewood Arsenal Technical Report EB-TR-73028 EATR 4761<\/em>.<\/li>\n<li>Kirk, R. L. &amp; Stenhouse, N. S. 1953. Ability to Smell Solutions of Potassium Cyanide. <em>Nature<\/em>\u00a0171: 698\u2013699.<\/li>\n<li>Knight, B. 1979. Ricin \u2013 a potent homicide poison. <em>British Medical Journal<\/em>\u00a03 February: 350.<\/li>\n<li>Klaassen, C. D. (ed). 2013. <em>Casarett &amp; Doull\u2019s Toxicology: The Basic Science of Poisons<\/em>. McGraw-Hill Education, New York, Chicago, San Francisco.<\/li>\n<li>Labelle, A. and Boulay, L. J. 1999. An attempted suicide using transdermal nicotine patches. <em>Canadian Journal of Psychiatry. Revue Canadienne De Psychiatrie<\/em>\u00a044(2): 190.<\/li>\n<li>Lee, S. T., Green, B. T., Welch, K. D., Pfister, J. A. and Panter, K. E. 2008. Stereoselective Potencies and Relative Toxicities of Coniine Enantiomers. <em>Chemical Research in Toxicology<\/em>\u00a021: 2061\u20132064.<\/li>\n<li>Levy, J. 2011. <em>Poison: A Social History<\/em>. The History Press, Stroud.<\/li>\n<li>Lockhart, L. P. 1933. Nicotine poisoning. <em>British Medical Journal<\/em>\u00a01(3762): 246\u20137<\/li>\n<li>Loewi, O. The Chemical Transmission of Nerve Signals. Nobel Prize speech http:\/\/www.nobelprize.org\/nobel_prizes\/medicine\/laureates\/1936\/loewi-lecture.html<\/li>\n<li>Lucas, A. 1938. Poisons in Ancient Egypt. <em>The Journal of Egyptian Archaeology<\/em>\u00a012(2): 198\u2013199.<\/li>\n<li>Luff, A. P. &amp; Candy, H. C. H. 1919. <em>A Manual of Chemistry<\/em>. Cassell and Company Ltd., London, New York, Toronto and Melbourne.<\/li>\n<li>MacEwan, P. 1912. <em>The Art of Dispensing: A Treatise on the Methods and Processes Involved in Compounding Medical Prescriptions<\/em>. Spottiswoode and Co. Ltd., London, Colchester and Eton.<\/li>\n<li>Macinnis, P. 2011. <em>Poisons: From Hemlock to Botox and the Killer Bean of Calabar<\/em>. Arcade Publishing, New York.<\/li>\n<li>Mallowan, M. 1977. <em>Mallowan\u2019s Memoirs: The Autobiography of Max Mallowan<\/em>. Collins, London.<\/li>\n<li>Marsh, N. 2013. <em>Final Curtain<\/em>. Felony and Mayhem, USA.<\/li>\n<li>Mayer, B. 2014. How much nicotine kills a human? Tracing back the generally accepted lethal dose to dubious self-experiments in the nineteenth century. <em>Archives of Toxicology<\/em>\u00a088: 5\u20137.<\/li>\n<li>McDermid, V. 2015. <em>Forensics: The Anatomy of Crime<\/em>. Profile Books.<\/li>\n<li>McGuigan, H. 1921. <em>An Introduction to Chemical Pharmacology; Pharmacodynamics in Relation to Chemistry<\/em>. P. Blakiston\u2019s son * Co., Philadelphia.<\/li>\n<li>McLaughlin, T. 1980. <em>The Coward\u2019s Weapon<\/em>. Robert Hale Ltd., London.<\/li>\n<li>McNally, W. D. 1920. A report of five cases of poisoning by nicotine. <em>Journal of Laboratory and Clinical Medicine<\/em>\u00a05: 213\u2013217.<\/li>\n<li>McNally, W. D. 1923. A report of seven cases of nicotine poisoning. <em>Journal of Laboratory and Clinical Medicine<\/em>\u00a08: 83\u201385.<\/li>\n<li>Musshoff, F. and Madea, B. 2009. Ricin poisoning and forensic toxicology. <em>Drug Testing and Analysis<\/em>\u00a01: 184\u2013191.<\/li>\n<li>Ohno, Y., Chiba, S., Uchigasaki, S., Uchima, E., Nagamori, H., Mizugaki, M., Ohyama, Y., Kimura, K., Suzuki, Y. 1992. The Influence of Tetrodotoxin on the Toxic Effects of Aconitine in Vivo. <em>The Tohoku Journal of Experimental Medicine<\/em>\u00a0167: 155\u2013158.<\/li>\n<li>Oliver, J. S., Smith, H., Watson, A. A. 1979. Poisoning by Strychnine. <em>Medicine, Science and the Law <\/em>19(2): 134\u2013137.<\/li>\n<li>Orwell, G. 1946. Decline of the English Murder. <em>Tribune<\/em>\u00a015<sup>th<\/sup>\u00a0February.<\/li>\n<li>Osborne, R., Thompson, P., Joel, S., Trew, D., Patel, N. and Slevin, M. 1992. The Analgesic Activity of Morphine-6-Glucuronide. <em>British Journal of Clinical Pharmacology<\/em>\u00a034: 130\u2013138.<\/li>\n<li>Paul, P. 1990. <em>Murder Under the Microscope<\/em>. Futura Publications, London.<\/li>\n<li>Pembrey, M. S. &amp; Phillips, C. D. F. 1901. <em>The Physiological Action of Drugs: An Introduction to Practical Pharmacology<\/em>. Edward Arnold, London.<\/li>\n<li>Percival, G. H. 1930. Treatment of Ringworm of the Scalp with Thallium Acetate. <em>British journal of Dermatology and Syphilis<\/em>\u00a0XLII(2): 59\u201369.<\/li>\n<li>Pounder, J. D. 2003. The Case of Dr. Shipman. <em>The American Journal of Forensic Medicine and Pathology<\/em>\u00a024(3): 219\u2013226.<\/li>\n<li>Proudfoot, A. 2006. The Early Toxicology of Physostgmine. <em>Toxicol. Rev<\/em>. 25(2):99-138.<\/li>\n<li>Reynolds, T. 2005. Hemlock alkaloids from Socrates to poison aloes. <em>Phytochemistry<\/em>\u00a066: 1399\u20131406.<\/li>\n<li>Riley, D. and McAllister, P. 2001. <em>The Bedside, Bathtub and Armchair Companion to Agatha Christie<\/em>. The Continuum International Publishing Group Ltd., New York.<\/li>\n<li>Rowland, J. 1960. <em>Poisoner in the Dock<\/em>. Arco Publications, London.<\/li>\n<li>Sheridan, J. Strang, J. 2003. <em>Drug Misuse and Community Pharmacy<\/em>. Taylor &amp; Francis, London.<\/li>\n<li>Simon, F. A., Pickering, L. K. 1976. Acute Yellow Phosphorus Poisoning \u201cSmoking Stool Syndrome\u201d. <em>Journal of the American Medical Association<\/em>\u00a0235(13): 1343\u20131344.<\/li>\n<li>Sly, N. 2011. <em>Murder by Poison: A Casebook of Historic British Murders<\/em>. The History Press, Gloucestershire.<\/li>\n<li>Smith G., Bartlett, A., King, M. 2004. Treatments of homosexuality in Britain since the 1950s\u2014an oral history: the experience of patients. <em>British Medical Journal<\/em>\u00a0328: 427.<\/li>\n<li>Smith, J. 2005. The Shipman inquiry. http:\/\/webarchive.nationalarchives.gov.uk\/20090808154959\/http:\/\/www.the-shipman-inquiry.org.uk\/home.asp<\/li>\n<li>Smith, S. 1930. Digoxin, a New Digitalis Glycoside. <em>Journal of the Chemical Society (Resumed)<\/em>\u00a0508\u2013510.<\/li>\n<li>Smyth, F. 1982. <em>Cause of Death: A History of Forensic Science<\/em>. Pan Books Ltd., London.<\/li>\n<li>Soligenix<em>. <\/em>RiVax\u2122 Ricin Toxin Vaccin. http:\/\/www.soligenix.com\/prod_def_rivax.shtml<\/li>\n<li>Southward, R. E., Hollis Jr., W. G., Thompson, D. W. 1992. Precipitation of a Murder: A Creative Use of Strychnine Poisoning in Agatha Christie\u2019s \u201cThe Mysterious Affair at Styles\u201d. <em>Journal of Chemical Education<\/em>\u00a069(7): 536\u2013537.<\/li>\n<li>Spinney, L. 2003. The killer bean of Calabar. <em>New Scientist<\/em>\u00a02401: 48\u201349.<\/li>\n<li>Stevens, S. &amp; Bannon, A. 2007. <em>Book of Poisons: A Guide for Writers<\/em>. Writer\u2019s Digest Books, Cincinnati.<\/li>\n<li>Stone, T. and Darlington, G. 2000. <em>Pills, Potions and Poisons<\/em>. Oxford University Press, Oxford.<\/li>\n<li>Thompson, C. J. S. 1935. <em>Poisons and Poisoners<\/em>. Barnes &amp; Noble, New York.<\/li>\n<li>Thompson, C. J. S. 2014. <em>Poison Romance and Poison Mysteries<\/em>. The Floating Press.<\/li>\n<li>Thorwald, J. 1969. <em>Proof of Poison<\/em>. Pan Books Ltd., London.<\/li>\n<li>Trestrail, J. H. 2000. <em>Criminal Poisons; Investigational Guide for Law Inforcement, Toxicologists, Forensic Scientists, and Attorneys<\/em>. Humana Press Inc., New Jersey.<\/li>\n<li>Tsukada, K., Akizuki, S., Matsuoka, Y., Irimajiri, S. 1992. A Case of Aconitine Poisoning Accompanied by Bidirectional Ventricular Tachycardia Treated with Lidocaine. <em>Kokyu To Junkan<\/em>\u00a040(10): 1003\u20131006.<\/li>\n<li>Vetter, J. 2004. Poison hemlock (<em>Conium maculatum <\/em>L.) Review. <em>Food and Chemical Toxicology<\/em>\u00a01373\u20131382.<\/li>\n<li>Vycudilik, W. and Gmeiner, G. 2009. Murder by Poisoning: Successful Analytical Investigations of Spectacular Cases in Austria. <em>Drug Testing and Analysis<\/em>\u00a01(4): 177\u2013183.<\/li>\n<li>Walker, J. T. 1943. Scientific Evidence in Poisoning Cases. <em>Clinics<\/em>\u00a01(6): 1520\u20131535.<\/li>\n<li>Walker, M. B. Some Discoveries on Myasthenia Gravis: The Background. <em>British Medical Journal<\/em>\u00a02: 42\u201343.<\/li>\n<li>Walton, F. P. 1934. Cyanide Poisoning: Rasputin\u2019s Death. <em>British Medical Journal<\/em>\u00a0August 4: 234.<\/li>\n<li>Ware, G. (ed). 2008. Parameters for Carbamate Pesticide QSAR and PBPK\/PD Models for Human Risk Assessment. <em>Reviews of Environmental Contamination and Toxicology <\/em>193: 57.<\/li>\n<li>Waring, R. H., Steventon, G. B., Mitchell, S. C. (Ed.). 2002. <em>Molecules of Death<\/em>. Imperial College Press, London.<\/li>\n<li>WB Parts. Physostigmine Salicylate Ophthalmic Solution. http:\/\/www.wbparts.com\/rfq\/6505-01-153-3844.html<\/li>\n<li>White, P. (ed). 2003. <em>Crime Scene to Court: The Essentials of Forensic Science<\/em>. The Royal Society of Chemistry, Cambridge.<\/li>\n<li>Whorton, J. C. 2010. <em>The Arsenic Century: How Victorian Britain was Poisoned at Home, Work, &amp; Play<\/em>. Oxford University Press, Oxford.<\/li>\n<li>Wiart, C. 2014. A note on <em>Conium maculatum <\/em>L., the plant that defeated Alexander the Great. <em>Clinical Toxicology<\/em>\u00a052: 645.<\/li>\n<li>Williams, D. A., Lemke, T. L. 2002. <em>Foye\u2019s Principles of Medicinal Chemistry<\/em>. Lippincott Williams and Willikins, Baltimor and Philadelphia.<\/li>\n<li>Wilson, C &amp; Pitman, P. 1984. <em>Encyclopaedia of Murder<\/em>. Pan Books Ltd., London.<\/li>\n<li>Zeldenrust, J. and Boer, D. D. 1964. Fatal Phosphorus Poisoning Elucidated by Exhumation Three and a Half Years After Burial. <em>Science, Medicine and the Law<\/em>\u00a04: 120\u2013121.<\/li>\n<li>1851. Extraordinary Trial for Murder in Belgium. <em>The Maitland Mercury and Hunter River General Advertiser<\/em>\u00a01 October http:\/\/trove.nla.gov.au\/ndp\/del\/page\/127107?zoomLevel=1<\/li>\n<li>1978. Agatha Christie\u2019s Poison Recipe Used in Botched French Murder. <em>The Montreal Gazette <\/em>3 January 1978: 4.<\/li>\n<\/ol>\n\n<p>\u00a0<\/p>\n\t\t\t\t\t\t\t\t<\/div>\n\t\t\t\t<\/div>\n\t\t\t\t\t<\/div>\n\t\t\t\t<\/div>\n\t\t\t\t<\/div>\n\t\t","protected":false},"excerpt":{"rendered":"<p>A is for Arsenic: The Full Bibliography \u00a0 Adam, H. L. 1913. Notable English Trials: Trial of George Henry Lamson. William Hodge and Company, Edinburgh and London. Audi, J., Belson, M., Patel, M., Schier, J., Osterloh, J. 2005. Ricin Poisoning: A Comprehensive Review. Journal of the American Medical Association\u00a0298(18): 2346\u20132351. Bardell, E. B. 1984. Dame [&hellip;]<\/p>\n","protected":false},"author":1,"featured_media":0,"parent":0,"menu_order":0,"comment_status":"closed","ping_status":"closed","template":"","meta":{"footnotes":""},"class_list":["post-510","page","type-page","status-publish","hentry"],"_links":{"self":[{"href":"https:\/\/harkup.co.uk\/index.php?rest_route=\/wp\/v2\/pages\/510","targetHints":{"allow":["GET"]}}],"collection":[{"href":"https:\/\/harkup.co.uk\/index.php?rest_route=\/wp\/v2\/pages"}],"about":[{"href":"https:\/\/harkup.co.uk\/index.php?rest_route=\/wp\/v2\/types\/page"}],"author":[{"embeddable":true,"href":"https:\/\/harkup.co.uk\/index.php?rest_route=\/wp\/v2\/users\/1"}],"replies":[{"embeddable":true,"href":"https:\/\/harkup.co.uk\/index.php?rest_route=%2Fwp%2Fv2%2Fcomments&post=510"}],"version-history":[{"count":5,"href":"https:\/\/harkup.co.uk\/index.php?rest_route=\/wp\/v2\/pages\/510\/revisions"}],"predecessor-version":[{"id":969,"href":"https:\/\/harkup.co.uk\/index.php?rest_route=\/wp\/v2\/pages\/510\/revisions\/969"}],"wp:attachment":[{"href":"https:\/\/harkup.co.uk\/index.php?rest_route=%2Fwp%2Fv2%2Fmedia&parent=510"}],"curies":[{"name":"wp","href":"https:\/\/api.w.org\/{rel}","templated":true}]}}